{"id":1149,"date":"2020-11-27T09:22:55","date_gmt":"2020-11-27T09:22:55","guid":{"rendered":"http:\/\/casaledimaro.com\/who-we-are\/"},"modified":"2023-11-07T15:45:05","modified_gmt":"2023-11-07T15:45:05","slug":"chi-siamo","status":"publish","type":"page","link":"https:\/\/casaledimaro.com\/it\/chi-siamo\/","title":{"rendered":"Chi siamo"},"content":{"rendered":"\n  <div class=\"banner has-hover\" id=\"banner-989248340\">\n          <div class=\"banner-inner fill\">\n        <div class=\"banner-bg fill\" >\n            <div class=\"bg fill bg-fill \"><\/div>\n                                    \n                    <\/div>\n\t\t\n        <div class=\"banner-layers container\">\n            <div class=\"fill banner-link\"><\/div>            \n        <\/div>\n      <\/div>\n\n            \n<style>\n#banner-989248340 {\n  padding-top: 270px;\n}\n#banner-989248340 .bg.bg-loaded {\n  background-image: url(https:\/\/casaledimaro.com\/wp-content\/uploads\/2021\/01\/Fotobanner-Who-we-are-20200715_151601.jpg);\n}\n#banner-989248340 .bg {\n  background-position: 51% 40%;\n}\n#banner-989248340 .ux-shape-divider--top svg {\n  height: 150px;\n  --divider-top-width: 100%;\n}\n#banner-989248340 .ux-shape-divider--bottom svg {\n  height: 150px;\n  --divider-width: 100%;\n}\n<\/style>\n  <\/div>\n\n\n\t<section class=\"section\" id=\"section_76973743\">\n\t\t<div class=\"bg section-bg fill bg-fill  bg-loaded\" >\n\n\t\t\t\n\t\t\t\n\t\t\t\n\n\t\t<\/div>\n\n\t\t\n\n\t\t<div class=\"section-content relative\">\n\t\t\t\n<div class=\"row align-center\" style=\"max-width:1200px\" id=\"row-1000281889\">\n\n\t<div id=\"col-1082055085\" class=\"col medium-7 small-12 large-10\"  >\n\t\t\t\t<div class=\"col-inner\"  >\n\t\t\t\n\t\t\t\n\t<div id=\"gap-853937435\" class=\"gap-element clearfix\" style=\"display:block; height:auto;\">\n\t\t\n<style>\n#gap-853937435 {\n  padding-top: 50px;\n}\n<\/style>\n\t<\/div>\n\t\n\t<div id=\"text-3751593215\" class=\"text\">\n\t\t\n<h2>Chi siamo<\/h2>\n\t\t\n<style>\n#text-3751593215 {\n  font-size: 2.25rem;\n  text-align: center;\n}\n<\/style>\n\t<\/div>\n\t\n<div class=\"text-center\"><div class=\"is-divider divider clearfix\" style=\"margin-top:1.1em;margin-bottom:1.1em;max-width:120px;height:4px;\"><\/div><\/div>\n\t<div id=\"text-2790437757\" class=\"text\">\n\t\t\n<p>Siamo Ron e Marjolein, due persone entusiaste dei Paesi Bassi. Ci piace giocare a pallavolo e abbiamo una passione per la cucina e la pasticceria (e poi mangiare insieme, ovviamente!). Le nostre due bellissime figlie hanno ritardato per un po&#8217; la nostra avventura di emigrazione, ma ora siamo pronti a realizzare il nostro sogno. Nei Paesi Bassi avevamo una vita sociale intensa e un lavoro che ci piaceva, ma non ci sentivamo pi\u00f9 a casa nell&#8217;ambiente frenetico che ci circondava.<\/p>\n<p>Nell&#8217;aprile 2018 abbiamo deciso di seguire il nostro cuore e abbiamo iniziato la nostra avventura per avviare una pensione in Italia e da giugno 2021 potremo ricevere ospiti. Ci sentiamo di nuovo completamente in forze e lo irradiamo. Le Marche si sentono come se stessero tornando a casa per noi! Cercavamo un luogo con spiaggia e montagna, dove poter essere attivi ma anche rilassarci. Volevamo villaggi autentici dove poter vivere la vera Italia, ma con tutto a portata di mano. E questo \u00e8 esattamente ci\u00f2 che le Marche hanno da offrire.<\/p>\n<p>Le persone qui sono incredibilmente amichevoli, disponibili e accoglienti. Venite a scoprire il nostro affittacamere Casale di Maro nelle Marche, dove tutto pu\u00f2 essere visitato in un&#8217;ora. Che veniate in primavera, estate, autunno o inverno, ogni stagione ha il suo fascino.<\/p>\n<p>Dopo un po&#8217; di brainstorming, abbiamo trovato un nome che si adatta perfettamente alla nostra pensione. Abbiamo scelto &#8220;Casale di Maro&#8221;, una combinazione della parola &#8220;Casale&#8221;, che significa fattoria o casa, e &#8220;di Maro&#8221;, un&#8217;amalgama dei nostri nomi. \u00c8 un richiamo all&#8217;individualit\u00e0 e alla possibilit\u00e0 di essere se stessi. Con noi, il divertimento non forzato \u00e8 centrale. Nessun obbligo, ma solo fare ci\u00f2 che si ama e ci\u00f2 che \u00e8 importante per noi.<\/p>\n<p>Le Marche sono una regione incantevole dove \u00e8 possibile vivere la vera atmosfera italiana. Offre una combinazione perfetta di natura meravigliosa, ricca cultura e, soprattutto, di calda ospitalit\u00e0. Qui potrete godere di incontri calorosi, relax e un&#8217;atmosfera informale che vi far\u00e0 sentire come a casa vostra. Assorbite il ritmo languido della giornata o andate in giro. E la sera, mentre il sole tramonta lentamente, sorseggiate un gustoso bicchiere di vino e vi rendete conto che state davvero godendo di ci\u00f2 che avete e vi sentite felici.<\/p>\n<h3 class=\"p2\">\u201cMaking a big life change is scary. But know what\u2019s even scarier? Regret!\u201d<\/h3>\n\t\t\n<style>\n#text-2790437757 {\n  text-align: center;\n}\n<\/style>\n\t<\/div>\n\t\n\t\t<\/div>\n\t\t\t\t\t<\/div>\n\n\t\n<\/div>\n\t\t<\/div>\n\n\t\t\n<style>\n#section_76973743 {\n  padding-top: 30px;\n  padding-bottom: 30px;\n}\n#section_76973743 .ux-shape-divider--top svg {\n  height: 150px;\n  --divider-top-width: 100%;\n}\n#section_76973743 .ux-shape-divider--bottom svg {\n  height: 150px;\n  --divider-width: 100%;\n}\n<\/style>\n\t<\/section>\n\t\n\t<section class=\"section\" id=\"section_95650346\">\n\t\t<div class=\"bg section-bg fill bg-fill  bg-loaded\" >\n\n\t\t\t\n\t\t\t\n\t\t\t\n\n\t\t<\/div>\n\n\t\t\n\n\t\t<div class=\"section-content relative\">\n\t\t\t\n<div class=\"row align-middle align-center\"  id=\"row-1228003759\">\n\n\t<div id=\"col-326184817\" class=\"col medium-7 small-12 large-7\"  >\n\t\t\t\t<div class=\"col-inner\"  >\n\t\t\t\n\t\t\t\n\n  <div class=\"banner has-hover\" id=\"banner-1293744898\">\n          <div class=\"banner-inner fill\">\n        <div class=\"banner-bg fill\" >\n            <div class=\"bg fill bg-fill \"><\/div>\n                                    \n                    <\/div>\n\t\t\n        <div class=\"banner-layers container\">\n            <div class=\"fill banner-link\"><\/div>            \n        <\/div>\n      <\/div>\n\n            \n<style>\n#banner-1293744898 {\n  padding-top: 115px;\n}\n#banner-1293744898 .bg.bg-loaded {\n  background-image: url(https:\/\/casaledimaro.com\/wp-content\/uploads\/2022\/11\/IMG-20220110-WA0007-002.jpg);\n}\n#banner-1293744898 .bg {\n  background-position: 37% 61%;\n}\n#banner-1293744898 .ux-shape-divider--top svg {\n  height: 150px;\n  --divider-top-width: 100%;\n}\n#banner-1293744898 .ux-shape-divider--bottom svg {\n  height: 150px;\n  --divider-width: 100%;\n}\n@media (min-width:550px) {\n  #banner-1293744898 {\n    padding-top: 250px;\n  }\n}\n<\/style>\n  <\/div>\n\n\n\t\t<\/div>\n\t\t\t\t\n<style>\n#col-326184817 > .col-inner {\n  padding: 0px 0px 0px 0px;\n  margin: 0px 0px -9px 0px;\n}\n<\/style>\n\t<\/div>\n\n\t\n\n\t<div id=\"col-1009047094\" class=\"col medium-4 small-12 large-4\"  >\n\t\t\t\t<div class=\"col-inner\"  >\n\t\t\t\n\t\t\t\n\n  <div class=\"banner has-hover\" id=\"banner-1836298545\">\n          <div class=\"banner-inner fill\">\n        <div class=\"banner-bg fill\" >\n            <div class=\"bg fill bg-fill \"><\/div>\n                                    \n                    <\/div>\n\t\t\n        <div class=\"banner-layers container\">\n            <div class=\"fill banner-link\"><\/div>            \n        <\/div>\n      <\/div>\n\n            \n<style>\n#banner-1836298545 {\n  padding-top: 250px;\n}\n#banner-1836298545 .bg.bg-loaded {\n  background-image: url(https:\/\/casaledimaro.com\/wp-content\/uploads\/2022\/11\/visite-kaartje-foto-1024x768.jpg);\n}\n#banner-1836298545 .bg {\n  background-position: 50% 0%;\n}\n#banner-1836298545 .ux-shape-divider--top svg {\n  height: 150px;\n  --divider-top-width: 100%;\n}\n#banner-1836298545 .ux-shape-divider--bottom svg {\n  height: 150px;\n  --divider-width: 100%;\n}\n<\/style>\n  <\/div>\n\n\n\t\t<\/div>\n\t\t\t\t\t<\/div>\n\n\t\n<\/div>\n\t\t<\/div>\n\n\t\t\n<style>\n#section_95650346 {\n  padding-top: 0px;\n  padding-bottom: 0px;\n}\n#section_95650346 .ux-shape-divider--top svg {\n  height: 150px;\n  --divider-top-width: 100%;\n}\n#section_95650346 .ux-shape-divider--bottom svg {\n  height: 150px;\n  --divider-width: 100%;\n}\n@media (min-width:550px) {\n  #section_95650346 {\n    padding-top: 30px;\n    padding-bottom: 30px;\n  }\n}\n<\/style>\n\t<\/section>\n\t\n","protected":false},"excerpt":{"rendered":"","protected":false},"author":3,"featured_media":0,"parent":0,"menu_order":0,"comment_status":"closed","ping_status":"closed","template":"page-blank.php","meta":{"inline_featured_image":false,"footnotes":""},"class_list":["post-1149","page","type-page","status-publish","hentry"],"yoast_head":"<!-- This site is optimized with the Yoast SEO plugin v27.3 - https:\/\/yoast.com\/product\/yoast-seo-wordpress\/ -->\n<title>Chi siamo - Casale Di Maro<\/title>\n<meta name=\"robots\" content=\"index, follow, max-snippet:-1, max-image-preview:large, max-video-preview:-1\" \/>\n<link rel=\"canonical\" href=\"https:\/\/casaledimaro.com\/it\/chi-siamo\/\" \/>\n<meta property=\"og:locale\" content=\"it_IT\" \/>\n<meta property=\"og:type\" content=\"article\" \/>\n<meta property=\"og:title\" content=\"Chi siamo - Casale Di Maro\" \/>\n<meta property=\"og:url\" content=\"https:\/\/casaledimaro.com\/it\/chi-siamo\/\" \/>\n<meta property=\"og:site_name\" content=\"Casale Di Maro\" \/>\n<meta property=\"article:modified_time\" content=\"2023-11-07T15:45:05+00:00\" \/>\n<meta name=\"twitter:card\" content=\"summary_large_image\" \/>\n<meta name=\"twitter:label1\" content=\"Tempo di lettura stimato\" \/>\n\t<meta name=\"twitter:data1\" content=\"2 minuti\" \/>\n<script type=\"application\/ld+json\" class=\"yoast-schema-graph\">{\"@context\":\"https:\\\/\\\/schema.org\",\"@graph\":[{\"@type\":\"WebPage\",\"@id\":\"https:\\\/\\\/casaledimaro.com\\\/it\\\/chi-siamo\\\/\",\"url\":\"https:\\\/\\\/casaledimaro.com\\\/it\\\/chi-siamo\\\/\",\"name\":\"Chi siamo - Casale Di Maro\",\"isPartOf\":{\"@id\":\"https:\\\/\\\/casaledimaro.com\\\/it\\\/#website\"},\"datePublished\":\"2020-11-27T09:22:55+00:00\",\"dateModified\":\"2023-11-07T15:45:05+00:00\",\"breadcrumb\":{\"@id\":\"https:\\\/\\\/casaledimaro.com\\\/it\\\/chi-siamo\\\/#breadcrumb\"},\"inLanguage\":\"it-IT\",\"potentialAction\":[{\"@type\":\"ReadAction\",\"target\":[\"https:\\\/\\\/casaledimaro.com\\\/it\\\/chi-siamo\\\/\"]}]},{\"@type\":\"BreadcrumbList\",\"@id\":\"https:\\\/\\\/casaledimaro.com\\\/it\\\/chi-siamo\\\/#breadcrumb\",\"itemListElement\":[{\"@type\":\"ListItem\",\"position\":1,\"name\":\"Home\",\"item\":\"https:\\\/\\\/casaledimaro.com\\\/it\\\/\"},{\"@type\":\"ListItem\",\"position\":2,\"name\":\"Chi siamo\"}]},{\"@type\":\"WebSite\",\"@id\":\"https:\\\/\\\/casaledimaro.com\\\/it\\\/#website\",\"url\":\"https:\\\/\\\/casaledimaro.com\\\/it\\\/\",\"name\":\"Casale Di Maro\",\"description\":\"Italy\",\"potentialAction\":[{\"@type\":\"SearchAction\",\"target\":{\"@type\":\"EntryPoint\",\"urlTemplate\":\"https:\\\/\\\/casaledimaro.com\\\/it\\\/?s={search_term_string}\"},\"query-input\":{\"@type\":\"PropertyValueSpecification\",\"valueRequired\":true,\"valueName\":\"search_term_string\"}}],\"inLanguage\":\"it-IT\"}]}<\/script>\n<!-- \/ Yoast SEO plugin. -->","yoast_head_json":{"title":"Chi siamo - Casale Di Maro","robots":{"index":"index","follow":"follow","max-snippet":"max-snippet:-1","max-image-preview":"max-image-preview:large","max-video-preview":"max-video-preview:-1"},"canonical":"https:\/\/casaledimaro.com\/it\/chi-siamo\/","og_locale":"it_IT","og_type":"article","og_title":"Chi siamo - Casale Di Maro","og_url":"https:\/\/casaledimaro.com\/it\/chi-siamo\/","og_site_name":"Casale Di Maro","article_modified_time":"2023-11-07T15:45:05+00:00","twitter_card":"summary_large_image","twitter_misc":{"Tempo di lettura stimato":"2 minuti"},"schema":{"@context":"https:\/\/schema.org","@graph":[{"@type":"WebPage","@id":"https:\/\/casaledimaro.com\/it\/chi-siamo\/","url":"https:\/\/casaledimaro.com\/it\/chi-siamo\/","name":"Chi siamo - Casale Di Maro","isPartOf":{"@id":"https:\/\/casaledimaro.com\/it\/#website"},"datePublished":"2020-11-27T09:22:55+00:00","dateModified":"2023-11-07T15:45:05+00:00","breadcrumb":{"@id":"https:\/\/casaledimaro.com\/it\/chi-siamo\/#breadcrumb"},"inLanguage":"it-IT","potentialAction":[{"@type":"ReadAction","target":["https:\/\/casaledimaro.com\/it\/chi-siamo\/"]}]},{"@type":"BreadcrumbList","@id":"https:\/\/casaledimaro.com\/it\/chi-siamo\/#breadcrumb","itemListElement":[{"@type":"ListItem","position":1,"name":"Home","item":"https:\/\/casaledimaro.com\/it\/"},{"@type":"ListItem","position":2,"name":"Chi siamo"}]},{"@type":"WebSite","@id":"https:\/\/casaledimaro.com\/it\/#website","url":"https:\/\/casaledimaro.com\/it\/","name":"Casale Di Maro","description":"Italy","potentialAction":[{"@type":"SearchAction","target":{"@type":"EntryPoint","urlTemplate":"https:\/\/casaledimaro.com\/it\/?s={search_term_string}"},"query-input":{"@type":"PropertyValueSpecification","valueRequired":true,"valueName":"search_term_string"}}],"inLanguage":"it-IT"}]}},"_links":{"self":[{"href":"https:\/\/casaledimaro.com\/it\/wp-json\/wp\/v2\/pages\/1149","targetHints":{"allow":["GET"]}}],"collection":[{"href":"https:\/\/casaledimaro.com\/it\/wp-json\/wp\/v2\/pages"}],"about":[{"href":"https:\/\/casaledimaro.com\/it\/wp-json\/wp\/v2\/types\/page"}],"author":[{"embeddable":true,"href":"https:\/\/casaledimaro.com\/it\/wp-json\/wp\/v2\/users\/3"}],"replies":[{"embeddable":true,"href":"https:\/\/casaledimaro.com\/it\/wp-json\/wp\/v2\/comments?post=1149"}],"version-history":[{"count":5,"href":"https:\/\/casaledimaro.com\/it\/wp-json\/wp\/v2\/pages\/1149\/revisions"}],"predecessor-version":[{"id":2906,"href":"https:\/\/casaledimaro.com\/it\/wp-json\/wp\/v2\/pages\/1149\/revisions\/2906"}],"wp:attachment":[{"href":"https:\/\/casaledimaro.com\/it\/wp-json\/wp\/v2\/media?parent=1149"}],"curies":[{"name":"wp","href":"https:\/\/api.w.org\/{rel}","templated":true}]}}