{"id":1173,"date":"2021-01-08T08:23:35","date_gmt":"2021-01-08T08:23:35","guid":{"rendered":"http:\/\/casaledimaro.com\/privacy-statement-eng\/"},"modified":"2021-03-11T09:02:34","modified_gmt":"2021-03-11T09:02:34","slug":"privacy-statement-it","status":"publish","type":"page","link":"https:\/\/casaledimaro.com\/it\/privacy-statement-it\/","title":{"rendered":"Privacy Statement IT"},"content":{"rendered":"<div class=\"row\"  id=\"row-1767905883\">\n\n\t<div id=\"col-1016646397\" class=\"col small-12 large-12\"  >\n\t\t\t\t<div class=\"col-inner\"  >\n\t\t\t\n\t\t\t\n\t<div id=\"gap-723815014\" class=\"gap-element clearfix\" style=\"display:block; height:auto;\">\n\t\t\n<style>\n#gap-723815014 {\n  padding-top: 30px;\n}\n<\/style>\n\t<\/div>\n\t\n<p class=\"p1\">Casale di Maro, situata presso Contrada San Martino 10 63846 Monte Giberto (FM) Italia, \u00e8 responsabile del trattamento dei dati personali come indicato nella presente informativa sulla privacy.<\/p>\n<h2 class=\"p2\">Informazioni di contatto:<\/h2>\n<p class=\"p2\">\n<blockquote class=\"wp-embedded-content\" data-secret=\"F3tPWIM9Ei\"><p><a href=\"http:\/\/casaledimaro.com\/\">Home<\/a><\/p><\/blockquote>\n<p><iframe loading=\"lazy\" class=\"wp-embedded-content\" sandbox=\"allow-scripts\" security=\"restricted\" style=\"position: absolute; clip: rect(1px, 1px, 1px, 1px);\" title=\"&#8220;Home&#8221; &#8212; Casale Di Maro\" src=\"http:\/\/casaledimaro.com\/embed\/#?secret=NiEO5L1FFN#?secret=F3tPWIM9Ei\" data-secret=\"F3tPWIM9Ei\" width=\"600\" height=\"338\" frameborder=\"0\" marginwidth=\"0\" marginheight=\"0\" scrolling=\"no\"><\/iframe><\/p>\n<p class=\"p2\">Contrada San Martino 10 63846 Monte Giberto (FM) Italia<\/p>\n<p class=\"p2\">+31638131917<\/p>\n<p class=\"p3\">Marjolein Steegs \u00e8 responsabile della protezione dei dati di Casale di Maro \u00c8 raggiungibile tramite marjoleinsteegs@gmail.com<\/p>\n<h2 class=\"p4\">Dati personali che etiboriamo<\/h2>\n<p class=\"p1\">Casale di Maro tratta i tuoi dati personali perch\u00e9 utilizzi i nostri servizi e\/o perch\u00e9 ci fornisci tu stesso questi dati. Di seguito \u00e8 riportata una panoramica dei dati personali che etiboriamo:<\/p>\n<p class=\"p4\">Nome e cognome<br \/>Genere<br \/>Data di nascita<br \/>Nascita<br \/>Indirizzo<br \/>Numero di telefono<br \/>indirizzo email<br \/>Dati personali speciali e\/o sensibili che etiliamo<\/p>\n<p class=\"p5\">Il nostro sito web e\/o servizio non intende raccogliere dati sui visitatori del sito web di et\u00e0 inferiore ai 16 anni. A meno che non abbiano il permesso di genitori o tutori. Tuttavia, non possiamo verificare che un visitatore ha pi\u00f9 di 16 anni. Consigliamo pertanto ai genitori di essere coinvolti nelle attivit\u00e0 online dei loro figli al fine di evitare che i dati sui bambini vengano raccolti senza il consenso dei genitori. Se sei soddisfatto che abbiamo raccolto informazioni personali su un minore senza tale consenso, ti preghiamo di contattarci tramite info@casaledimaro.com, cancelleremo queste informazioni.<\/p>\n<p class=\"p4\">Per quale scopo e sulla base di quale base etiboriamo i dati personali<\/p>\n<h2 class=\"p2\">Casale di Maro elabora i tuoi dati personali per le seguenti finalit\u00e0:<\/h2>\n<h2 class=\"p4\">Gestione del pagamento<\/h2>\n<p class=\"p4\">Invio della nostra newsletter e\/o volantino pubblicitario.<\/p>\n<p class=\"p4\">Per poterti chiamare o inviarti un&#8217;e-mail se ci\u00f2 \u00e8 necessario per eseguire i nostri servizi<\/p>\n<h2 class=\"p4\">Informarti sulle modifiche ai nostri servizi e prodotti<\/h2>\n<p class=\"p3\">Casale di Maro tratta anche i dati personali se siamo legalmente obbligati a farlo, come i dati di cui abbiamo bisogno per la nostra dichiarazione dei redditi.<\/p>\n<h2 class=\"p4\">Per quanto tempo manteniamo i dati personali<\/h2>\n<p class=\"p5\">Casale di Maro non conserva i tuoi dati personali pi\u00f9 a lungo di quanto sia strettamente necessario per raggiungere gli obiettivi per i quali i tuoi dati vengono raccolti.<\/p>\n<h2 class=\"p4\">Condivisione di dati personali con terze parti<\/h2>\n<p class=\"p5\">Casale di Maro prevede solo a terzi e solo se necessario per l&#8217;attuazione del nostro accordo con te o per adempiere a un obbligo legale.<\/p>\n<h2 class=\"p4\">Cookie, o tecniche simili, che utilizziamo<\/h2>\n<p class=\"p4\">Casale di Maro utilizza solo cookie tecnici e funzionali. E cookie analitici che non invadono la tua privacy. Un cookie \u00e8 un piccolo file di testo memorizzato sul tuo computer, tablet o smartphone alla prima visita a questo sito web. I cookie che utilizziamo sono necessari per il funzionamento tecnico del sito web e la tua facilit\u00e0 d&#8217;uso. Si assicurano che il sito Web funzioni correttamente e ricordino, ad esempio, le impostazioni preferite. Ci permette anche di ottimizzare il nostro sito web. \u00c8 possibile rifiutare esplicitamente i cookie impostando il browser Internet per interrompere la memorizzazione dei cookie. Inoltre, puoi anche eliminare tutte le informazioni precedentemente memorizzate attraverso le impostazioni del tuo browser.<\/p>\n<h2 class=\"p4\">Visualizzare, modificare o eliminare dati<\/h2>\n<p class=\"p5\">Hai il diritto di visualizzare, correggere o cancellare i tuoi dati personali. Inoltre, hai il diritto di revocare il tuo eventuale consenso al trattamento dei dati o di opporti al trattamento dei tuoi dati personali da parte di Casale di Maro e hai diritto alla trasferibilit\u00e0 dei dati. Ci\u00f2 significa che puoi inviarci una richiesta per inviare i dati personali che abbiamo su di te in un file informatico a te o a un&#8217;altra organizzazione che hai menzionato. Puoi inviare una richiesta di accesso, correzione, cancellazione, isocation dei tuoi dati personali o richiedere di revocare il tuo consenso o opporti al trattamento dei tuoi dati personali a info@casaledimaro.com. Per essere sicuri che la richiesta di accesso sia stata effettuata da te, ti chiediamo di inviare una copia del tuo documento d&#8217;identit\u00e0 con la richiesta. In questa copia, sconvolri la foto del passaporto, MRZ (zona leggibile dalla macchina, la striscia con i numeri in fondo al passaporto), il numero di passaporto e il numero di previdenza sociale (BSN). Questo per proteggere la tua privacy. Risponderemo il prima possibile, ma entro quattro settimane, su tua richiesta. Casale di Maro desidera inoltre sottolineare che avere la possibilit\u00e0 di presentare un reclamo all&#8217;autorit\u00e0 nazionale di controllo, l&#8217;Autorit\u00e0 olandese per la protezione dei dati. Questo pu\u00f2 essere fatto tramite il seguente link: https:\/\/autoriteitpersoonsgegevens.nl\/nl\/contact-met-de-autoriteit-persoonsgegevens\/tip-ons<\/p>\n<h2 class=\"p4\">Come proteggiamo i dati personali<\/h2>\n<p class=\"p4\">Casale di Maro prende sul serio la protezione dei tuoi dati e adotta le misure appropriate per prevenire abusi, perdite, accessi non autorizzati, divulgazione indesiderata e modifiche non autorizzate. Se ritierei che i tuoi dati non siano adeguatamente protetti o ci siano indicazioni di abuso, contatta info@casaledimaro.com<\/p>\n\t\t<\/div>\n\t\t\t\t\t<\/div>\n\n\t\n<\/div>\n","protected":false},"excerpt":{"rendered":"","protected":false},"author":3,"featured_media":0,"parent":0,"menu_order":0,"comment_status":"closed","ping_status":"closed","template":"page-blank.php","meta":{"inline_featured_image":false,"footnotes":""},"class_list":["post-1173","page","type-page","status-publish","hentry"],"yoast_head":"<!-- This site is optimized with the Yoast SEO plugin v27.3 - https:\/\/yoast.com\/product\/yoast-seo-wordpress\/ -->\n<title>Privacy Statement IT - Casale Di Maro<\/title>\n<meta name=\"robots\" content=\"index, follow, max-snippet:-1, max-image-preview:large, max-video-preview:-1\" \/>\n<link rel=\"canonical\" href=\"https:\/\/casaledimaro.com\/it\/privacy-statement-it\/\" \/>\n<meta property=\"og:locale\" content=\"it_IT\" \/>\n<meta property=\"og:type\" content=\"article\" \/>\n<meta property=\"og:title\" content=\"Privacy Statement IT - Casale Di Maro\" \/>\n<meta property=\"og:url\" content=\"https:\/\/casaledimaro.com\/it\/privacy-statement-it\/\" \/>\n<meta property=\"og:site_name\" content=\"Casale Di Maro\" \/>\n<meta property=\"article:modified_time\" content=\"2021-03-11T09:02:34+00:00\" \/>\n<meta name=\"twitter:card\" content=\"summary_large_image\" \/>\n<meta name=\"twitter:label1\" content=\"Tempo di lettura stimato\" \/>\n\t<meta name=\"twitter:data1\" content=\"4 minuti\" \/>\n<script type=\"application\/ld+json\" class=\"yoast-schema-graph\">{\"@context\":\"https:\\\/\\\/schema.org\",\"@graph\":[{\"@type\":\"WebPage\",\"@id\":\"https:\\\/\\\/casaledimaro.com\\\/it\\\/privacy-statement-it\\\/\",\"url\":\"https:\\\/\\\/casaledimaro.com\\\/it\\\/privacy-statement-it\\\/\",\"name\":\"Privacy Statement IT - Casale Di Maro\",\"isPartOf\":{\"@id\":\"https:\\\/\\\/casaledimaro.com\\\/it\\\/#website\"},\"datePublished\":\"2021-01-08T08:23:35+00:00\",\"dateModified\":\"2021-03-11T09:02:34+00:00\",\"breadcrumb\":{\"@id\":\"https:\\\/\\\/casaledimaro.com\\\/it\\\/privacy-statement-it\\\/#breadcrumb\"},\"inLanguage\":\"it-IT\",\"potentialAction\":[{\"@type\":\"ReadAction\",\"target\":[\"https:\\\/\\\/casaledimaro.com\\\/it\\\/privacy-statement-it\\\/\"]}]},{\"@type\":\"BreadcrumbList\",\"@id\":\"https:\\\/\\\/casaledimaro.com\\\/it\\\/privacy-statement-it\\\/#breadcrumb\",\"itemListElement\":[{\"@type\":\"ListItem\",\"position\":1,\"name\":\"Home\",\"item\":\"https:\\\/\\\/casaledimaro.com\\\/it\\\/\"},{\"@type\":\"ListItem\",\"position\":2,\"name\":\"Privacy Statement IT\"}]},{\"@type\":\"WebSite\",\"@id\":\"https:\\\/\\\/casaledimaro.com\\\/it\\\/#website\",\"url\":\"https:\\\/\\\/casaledimaro.com\\\/it\\\/\",\"name\":\"Casale Di Maro\",\"description\":\"Italy\",\"potentialAction\":[{\"@type\":\"SearchAction\",\"target\":{\"@type\":\"EntryPoint\",\"urlTemplate\":\"https:\\\/\\\/casaledimaro.com\\\/it\\\/?s={search_term_string}\"},\"query-input\":{\"@type\":\"PropertyValueSpecification\",\"valueRequired\":true,\"valueName\":\"search_term_string\"}}],\"inLanguage\":\"it-IT\"}]}<\/script>\n<!-- \/ Yoast SEO plugin. -->","yoast_head_json":{"title":"Privacy Statement IT - Casale Di Maro","robots":{"index":"index","follow":"follow","max-snippet":"max-snippet:-1","max-image-preview":"max-image-preview:large","max-video-preview":"max-video-preview:-1"},"canonical":"https:\/\/casaledimaro.com\/it\/privacy-statement-it\/","og_locale":"it_IT","og_type":"article","og_title":"Privacy Statement IT - Casale Di Maro","og_url":"https:\/\/casaledimaro.com\/it\/privacy-statement-it\/","og_site_name":"Casale Di Maro","article_modified_time":"2021-03-11T09:02:34+00:00","twitter_card":"summary_large_image","twitter_misc":{"Tempo di lettura stimato":"4 minuti"},"schema":{"@context":"https:\/\/schema.org","@graph":[{"@type":"WebPage","@id":"https:\/\/casaledimaro.com\/it\/privacy-statement-it\/","url":"https:\/\/casaledimaro.com\/it\/privacy-statement-it\/","name":"Privacy Statement IT - Casale Di Maro","isPartOf":{"@id":"https:\/\/casaledimaro.com\/it\/#website"},"datePublished":"2021-01-08T08:23:35+00:00","dateModified":"2021-03-11T09:02:34+00:00","breadcrumb":{"@id":"https:\/\/casaledimaro.com\/it\/privacy-statement-it\/#breadcrumb"},"inLanguage":"it-IT","potentialAction":[{"@type":"ReadAction","target":["https:\/\/casaledimaro.com\/it\/privacy-statement-it\/"]}]},{"@type":"BreadcrumbList","@id":"https:\/\/casaledimaro.com\/it\/privacy-statement-it\/#breadcrumb","itemListElement":[{"@type":"ListItem","position":1,"name":"Home","item":"https:\/\/casaledimaro.com\/it\/"},{"@type":"ListItem","position":2,"name":"Privacy Statement IT"}]},{"@type":"WebSite","@id":"https:\/\/casaledimaro.com\/it\/#website","url":"https:\/\/casaledimaro.com\/it\/","name":"Casale Di Maro","description":"Italy","potentialAction":[{"@type":"SearchAction","target":{"@type":"EntryPoint","urlTemplate":"https:\/\/casaledimaro.com\/it\/?s={search_term_string}"},"query-input":{"@type":"PropertyValueSpecification","valueRequired":true,"valueName":"search_term_string"}}],"inLanguage":"it-IT"}]}},"_links":{"self":[{"href":"https:\/\/casaledimaro.com\/it\/wp-json\/wp\/v2\/pages\/1173","targetHints":{"allow":["GET"]}}],"collection":[{"href":"https:\/\/casaledimaro.com\/it\/wp-json\/wp\/v2\/pages"}],"about":[{"href":"https:\/\/casaledimaro.com\/it\/wp-json\/wp\/v2\/types\/page"}],"author":[{"embeddable":true,"href":"https:\/\/casaledimaro.com\/it\/wp-json\/wp\/v2\/users\/3"}],"replies":[{"embeddable":true,"href":"https:\/\/casaledimaro.com\/it\/wp-json\/wp\/v2\/comments?post=1173"}],"version-history":[{"count":2,"href":"https:\/\/casaledimaro.com\/it\/wp-json\/wp\/v2\/pages\/1173\/revisions"}],"predecessor-version":[{"id":1175,"href":"https:\/\/casaledimaro.com\/it\/wp-json\/wp\/v2\/pages\/1173\/revisions\/1175"}],"wp:attachment":[{"href":"https:\/\/casaledimaro.com\/it\/wp-json\/wp\/v2\/media?parent=1173"}],"curies":[{"name":"wp","href":"https:\/\/api.w.org\/{rel}","templated":true}]}}